{"id":3475,"date":"2021-03-11T20:59:11","date_gmt":"2021-03-11T20:59:11","guid":{"rendered":"http:\/\/rescorp.cl\/?page_id=3475"},"modified":"2021-03-25T13:11:20","modified_gmt":"2021-03-25T13:11:20","slug":"riego","status":"publish","type":"page","link":"https:\/\/rescorp.cl\/index.php\/riego\/","title":{"rendered":"Riego"},"content":{"rendered":"<p>[vc_row][vc_column]\n\t\t\t<!-- START riego REVOLUTION SLIDER 6.3.1 --><p class=\"rs-p-wp-fix\"><\/p>\n\t\t\t<rs-module-wrap id=\"rev_slider_12_1_wrapper\" data-source=\"gallery\" style=\"background:transparent;padding:0;margin:0px auto;margin-top:0;margin-bottom:0;max-width:;\">\n\t\t\t\t<rs-module id=\"rev_slider_12_1\" style=\"\" data-version=\"6.3.1\">\n\t\t\t\t\t<rs-slides>\n\t\t\t\t\t\t<rs-slide data-key=\"rs-30\" data-title=\"Slide\" data-duration=\"4400\" data-anim=\"ei:d;eo:d;s:600;r:0;t:fade;sl:d;\">\n\t\t\t\t\t\t\t<img src=\"\/\/rescorp.cl\/wp-content\/uploads\/2021\/03\/slider-calidad-1.png\" title=\"slider-calidad-1\" width=\"1920\" height=\"936\" class=\"rev-slidebg\" data-no-retina>\n<!--\n\t\t\t\t\t\t\t--><rs-layer\n\t\t\t\t\t\t\t\tid=\"slider-12-slide-30-layer-1\" \n\t\t\t\t\t\t\t\tdata-type=\"text\"\n\t\t\t\t\t\t\t\tdata-xy=\"xo:302px,200px,100px,30px;y:m;yo:-203px,-172px,-165px,-203px;\"\n\t\t\t\t\t\t\t\tdata-text=\"w:nowrap,nowrap,nowrap,normal;s:120,100,80,50;l:125,105,85,50;ls:-6px,-6px,-4px,-2px;fw:800;a:inherit;\"\n\t\t\t\t\t\t\t\tdata-dim=\"w:auto,auto,auto,332px;\"\n\t\t\t\t\t\t\t\tdata-basealign=\"slide\"\n\t\t\t\t\t\t\t\tdata-rsp_o=\"off\"\n\t\t\t\t\t\t\t\tdata-rsp_bd=\"off\"\n\t\t\t\t\t\t\t\tdata-frame_0=\"y:50px;\"\n\t\t\t\t\t\t\t\tdata-frame_1=\"st:1700;sp:500;sR:1700;\"\n\t\t\t\t\t\t\t\tdata-frame_999=\"o:0;st:w;sR:2200;\"\n\t\t\t\t\t\t\t\tstyle=\"z-index:5;font-family:Montserrat;\"\n\t\t\t\t\t\t\t>Riego \n\t\t\t\t\t\t\t<\/rs-layer><!--\n\n\t\t\t\t\t\t\t--><rs-layer\n\t\t\t\t\t\t\t\tid=\"slider-12-slide-30-layer-2\" \n\t\t\t\t\t\t\t\tdata-type=\"text\"\n\t\t\t\t\t\t\t\tdata-xy=\"xo:310px,200px,100px,30px;y:m;yo:-73px,-64px,-64px,-79px;\"\n\t\t\t\t\t\t\t\tdata-text=\"w:normal;s:22,22,22,18;l:34,34,34,25;ls:-1px;fw:400,400,300,300;a:inherit;\"\n\t\t\t\t\t\t\t\tdata-dim=\"w:612px,600px,576px,297px;h:69px,69px,69px,auto;\"\n\t\t\t\t\t\t\t\tdata-basealign=\"slide\"\n\t\t\t\t\t\t\t\tdata-rsp_o=\"off\"\n\t\t\t\t\t\t\t\tdata-rsp_bd=\"off\"\n\t\t\t\t\t\t\t\tdata-frame_0=\"y:50px;\"\n\t\t\t\t\t\t\t\tdata-frame_1=\"st:1700;sp:500;sR:1700;\"\n\t\t\t\t\t\t\t\tdata-frame_999=\"o:0;st:w;sR:2200;\"\n\t\t\t\t\t\t\t\tstyle=\"z-index:6;font-family:Montserrat;font-style:italic;\"\n\t\t\t\t\t\t\t>Importamos y comercializamos accesorios para la conducci\u00f3n de fluidos en los mercados de Construcci\u00f3n Habitacional, Infraestructura, Riego e Industrial.\n \n\t\t\t\t\t\t\t<\/rs-layer><!--\n\n\t\t\t\t\t\t\t--><rs-layer\n\t\t\t\t\t\t\t\tid=\"slider-12-slide-30-layer-3\" \n\t\t\t\t\t\t\t\tdata-type=\"text\"\n\t\t\t\t\t\t\t\tdata-rsp_ch=\"on\"\n\t\t\t\t\t\t\t\tdata-xy=\"xo:66px,25px,25px,25px;y:t,m,m,m;yo:717px,298px,298px,298px;\"\n\t\t\t\t\t\t\t\tdata-text=\"l:22;a:inherit;\"\n\t\t\t\t\t\t\t\tdata-vbility=\"f,f,f,f\"\n\t\t\t\t\t\t\t\tdata-frame_1=\"sR:10;\"\n\t\t\t\t\t\t\t\tdata-frame_999=\"o:0;st:w;sR:4090;\"\n\t\t\t\t\t\t\t\tstyle=\"z-index:7;font-family:Open Sans;\"\n\t\t\t\t\t\t\t><a itemprop=\"url\" href=\"#\" target=\"_self\" style=\"margin: 0px 15px 0px 0px;padding: 10px 42px 10px\" class=\"mkdf-btn mkdf-btn-medium mkdf-btn-solid mkdf-btn-icon\"  >\n    <span class=\"mkdf-btn-text\">Read more<\/span>\n    <i class=\"mkdf-icon-font-awesome fa fa-arrow-right \" ><\/i><\/a>\n<a itemprop=\"url\" href=\"#\" target=\"_self\" style=\"color: #ffffff;padding: 10px 42px 10px\" class=\"mkdf-btn mkdf-btn-medium mkdf-btn-outline mkdf-btn-icon\"  >\n    <span class=\"mkdf-btn-text\">Read more<\/span>\n    <i class=\"mkdf-icon-font-awesome fa fa-arrow-right \" ><\/i><\/a> \n\t\t\t\t\t\t\t<\/rs-layer><!--\n\n\t\t\t\t\t\t\t--><rs-layer\n\t\t\t\t\t\t\t\tid=\"slider-12-slide-30-layer-5\" \n\t\t\t\t\t\t\t\tdata-type=\"text\"\n\t\t\t\t\t\t\t\tdata-xy=\"xo:308px,200px,100px,30px;y:m;yo:52px,38px,38px,31px;\"\n\t\t\t\t\t\t\t\tdata-text=\"l:22;a:inherit;\"\n\t\t\t\t\t\t\t\tdata-basealign=\"slide\"\n\t\t\t\t\t\t\t\tdata-rsp_o=\"off\"\n\t\t\t\t\t\t\t\tdata-rsp_bd=\"off\"\n\t\t\t\t\t\t\t\tdata-frame_0=\"sX:0.8;sY:0.8;\"\n\t\t\t\t\t\t\t\tdata-frame_1=\"e:power4.out;st:1900;sp:500;sR:1900;\"\n\t\t\t\t\t\t\t\tdata-frame_999=\"o:0;st:w;sR:2000;\"\n\t\t\t\t\t\t\t\tstyle=\"z-index:8;font-family:Open Sans;\"\n\t\t\t\t\t\t\t><a itemprop=\"url\" href=\"#themify-popup-3610\" target=\"_blank\" style=\"padding: 11px 43px 11px\" class=\"mkdf-btn mkdf-btn-medium mkdf-btn-solid mkdf-btn-icon\"  >\n    <span class=\"mkdf-btn-text\">Descargar Cat\u00e1logo<\/span>\n    <i class=\"mkdf-icon-font-awesome fa fa-arrow-right \" ><\/i><\/a> \n\t\t\t\t\t\t\t<\/rs-layer><!--\n\n\t\t\t\t\t\t\t--><rs-layer\n\t\t\t\t\t\t\t\tid=\"slider-12-slide-30-layer-6\" \n\t\t\t\t\t\t\t\tdata-type=\"text\"\n\t\t\t\t\t\t\t\tdata-xy=\"xo:598px,410px,310px,30px;y:m;yo:54px,38px,38px,105px;\"\n\t\t\t\t\t\t\t\tdata-text=\"l:22;a:inherit;\"\n\t\t\t\t\t\t\t\tdata-basealign=\"slide\"\n\t\t\t\t\t\t\t\tdata-rsp_o=\"off\"\n\t\t\t\t\t\t\t\tdata-rsp_bd=\"off\"\n\t\t\t\t\t\t\t\tdata-frame_0=\"sX:0.8;sY:0.8;\"\n\t\t\t\t\t\t\t\tdata-frame_1=\"e:power4.out;st:1900;sp:500;sR:1900;\"\n\t\t\t\t\t\t\t\tdata-frame_999=\"o:0;st:w;sR:2000;\"\n\t\t\t\t\t\t\t\tstyle=\"z-index:9;font-family:Open Sans;\"\n\t\t\t\t\t\t\t><a itemprop=\"url\" href=\"https:\/\/rescorp.cl\/index.php\/contacto\/\" target=\"_self\" style=\"color: #ffffff;padding: 11px 43px 11px\" class=\"mkdf-btn mkdf-btn-medium mkdf-btn-outline mkdf-btn-icon\"  >\n    <span class=\"mkdf-btn-text\">Cont\u00e1ctanos<\/span>\n    <i class=\"mkdf-icon-font-awesome fa fa-arrow-right \" ><\/i><\/a> \n\t\t\t\t\t\t\t<\/rs-layer><!--\n-->\t\t\t\t\t\t<\/rs-slide>\n\t\t\t\t\t<\/rs-slides>\n\t\t\t\t<\/rs-module>\n\t\t\t\t<script type=\"text\/javascript\">\n\t\t\t\t\tsetREVStartSize({c: 'rev_slider_12_1',rl:[1240,1024,778,480],el:[936,690,960,770],gw:[1920,1441,778,480],gh:[936,690,960,770],type:'standard',justify:'',layout:'fullwidth',mh:\"0\"});\n\t\t\t\t\tvar\trevapi12,\n\t\t\t\t\t\ttpj;\n\t\t\t\t\tfunction revinit_revslider121() {\n\t\t\t\t\tjQuery(function() {\n\t\t\t\t\t\ttpj = jQuery;\n\t\t\t\t\t\trevapi12 = tpj(\"#rev_slider_12_1\");\n\t\t\t\t\t\tif(revapi12==undefined || revapi12.revolution == undefined){\n\t\t\t\t\t\t\trevslider_showDoubleJqueryError(\"rev_slider_12_1\");\n\t\t\t\t\t\t}else{\n\t\t\t\t\t\t\trevapi12.revolution({\n\t\t\t\t\t\t\t\tduration:3000,\n\t\t\t\t\t\t\t\tvisibilityLevels:\"1240,1024,778,480\",\n\t\t\t\t\t\t\t\tgridwidth:\"1920,1441,778,480\",\n\t\t\t\t\t\t\t\tgridheight:\"936,690,960,770\",\n\t\t\t\t\t\t\t\tstartDelay:\"\",\n\t\t\t\t\t\t\t\tperspective:600,\n\t\t\t\t\t\t\t\tperspectiveType:\"local\",\n\t\t\t\t\t\t\t\teditorheight:\"936,690,960,770\",\n\t\t\t\t\t\t\t\tresponsiveLevels:\"1240,1024,778,480\",\n\t\t\t\t\t\t\t\tprogressBar:{disableProgressBar:true},\n\t\t\t\t\t\t\t\tnavigation: {\n\t\t\t\t\t\t\t\t\tonHoverStop:false\n\t\t\t\t\t\t\t\t},\n\t\t\t\t\t\t\t\tfallbacks: {\n\t\t\t\t\t\t\t\t\tallowHTML5AutoPlayOnAndroid:true\n\t\t\t\t\t\t\t\t},\n\t\t\t\t\t\t\t});\n\t\t\t\t\t\t}\n\t\t\t\t\t\t\n\t\t\t\t\t});\n\t\t\t\t\t} \/\/ End of RevInitScript\n\t\t\t\tvar once_revslider121 = false;\n\t\t\t\tif (document.readyState === \"loading\") {document.addEventListener('readystatechange',function() { if((document.readyState === \"interactive\" || document.readyState === \"complete\") && !once_revslider121 ) { once_revslider121 = true; revinit_revslider121();}});} else {once_revslider121 = true; revinit_revslider121();}\n\t\t\t\t<\/script>\n\t\t\t<\/rs-module-wrap>\n\t\t\t<!-- END REVOLUTION SLIDER -->\n[\/vc_column][\/vc_row][vc_row content_placement=&#8221;middle&#8221; row_content_width=&#8221;grid&#8221; css=&#8221;.vc_custom_1615476889213{padding-top: 121px !important;padding-bottom: 150px !important;}&#8221;][vc_column offset=&#8221;vc_col-lg-6 vc_col-md-12&#8243;]<div class=\"mkdf-elements-holder   mkdf-one-column  mkdf-responsive-mode-768 \" ><div class=\"mkdf-eh-item    \"  data-item-class=\"mkdf-eh-custom-7274\" data-768-1024=\"0px 0% 0px 14%\">\n\t<div class=\"mkdf-eh-item-inner\">\n\t\t<div class=\"mkdf-eh-item-content mkdf-eh-custom-7274\" style=\"padding: 0px 0% 0px 0%\">\n\t\t\t<div class=\"mkdf-single-image-holder  mkdf-has-shadow mkdf-shadow-left  mkdf-image-parallax\">\n    <div class=\"mkdf-si-inner\"  \n     data-parallax='{\"y\":75, \"smoothness\":10}' >\n                                    <img width=\"554\" height=\"746\" src=\"https:\/\/rescorp.cl\/wp-content\/uploads\/2021\/03\/agricola.jpg\" class=\"attachment-full size-full\" alt=\"\" loading=\"lazy\" srcset=\"https:\/\/rescorp.cl\/wp-content\/uploads\/2021\/03\/agricola.jpg 554w, https:\/\/rescorp.cl\/wp-content\/uploads\/2021\/03\/agricola-223x300.jpg 223w\" sizes=\"(max-width: 554px) 100vw, 554px\" \/>\t\t\t    <img width=\"554\" height=\"746\" src=\"https:\/\/rescorp.cl\/wp-content\/uploads\/2021\/03\/agricola.jpg\" class=\"mkdf-single-image-shadow\" alt=\"\" loading=\"lazy\" srcset=\"https:\/\/rescorp.cl\/wp-content\/uploads\/2021\/03\/agricola.jpg 554w, https:\/\/rescorp.cl\/wp-content\/uploads\/2021\/03\/agricola-223x300.jpg 223w\" sizes=\"(max-width: 554px) 100vw, 554px\" \/>                        <\/div>\n<\/div>\t\t<\/div>\n\t<\/div>\n<\/div><\/div>[\/vc_column][vc_column offset=&#8221;vc_col-lg-6 vc_col-md-12&#8243;]<div class=\"mkdf-elements-holder   mkdf-one-column  mkdf-responsive-mode-768 \" ><div class=\"mkdf-eh-item    \"  data-item-class=\"mkdf-eh-custom-1155\" data-768-1024=\"100px 9% 0px 13%\" data-680-768=\"100px 3% 0px 0%\" data-680=\"100px 0% 0px 0%\">\n\t<div class=\"mkdf-eh-item-inner\">\n\t\t<div class=\"mkdf-eh-item-content mkdf-eh-custom-1155\" style=\"padding: 0px 3% 30px 0%\">\n\t\t\t<div class=\"mkdf-section-title-holder  mkdf-st-standard mkdf-st-title-left mkdf-st-normal-space \" >\n\t<div class=\"mkdf-st-inner\">\n\t\t\t\t\t<h3 class=\"mkdf-st-title\" >\n\t\t\t\tAgr\u00edcola\t\t\t<\/h3>\n\t\t\t\t\t\t\t<h6 class=\"mkdf-st-text\" style=\"color: #6f6f6f;font-size: 22px;line-height: 34px;font-weight: 400;letter-spacing: -1.2px;margin-top: 28px\">\n\t\t\t\tA trav\u00e9s de Distribuidores de Productos de Riego Agr\u00edcola, ofrecemos una amplia gama de fittings, v\u00e1lvulas y tubos de PVC hidr\u00e1ulico hasta los 250mm.<br \/>\nCertificado Seg\u00fan NCh 1721:2016\t\t\t<\/h6>\n\t\t\t<\/div>\n<\/div>\t\t<\/div>\n\t<\/div>\n<\/div><\/div>[\/vc_column][\/vc_row][vc_row content_placement=&#8221;middle&#8221; row_content_width=&#8221;grid&#8221; css=&#8221;.vc_custom_1524046755015{padding-bottom: 133px !important;}&#8221;][vc_column offset=&#8221;vc_col-lg-6 vc_col-md-12&#8243;]<div class=\"mkdf-elements-holder   mkdf-one-column  mkdf-responsive-mode-768 \" ><div class=\"mkdf-eh-item    \"  data-item-class=\"mkdf-eh-custom-2546\" data-768-1024=\"0px 10% 100px 13%\" data-680-768=\"0px 5% 100px 0%\" data-680=\"0px 0% 100px 0%\">\n\t<div class=\"mkdf-eh-item-inner\">\n\t\t<div class=\"mkdf-eh-item-content mkdf-eh-custom-2546\" style=\"padding: 0px 5% 30px 0%\">\n\t\t\t<div class=\"mkdf-section-title-holder  mkdf-st-standard mkdf-st-title-left mkdf-st-normal-space \" >\n\t<div class=\"mkdf-st-inner\">\n\t\t\t\t\t<h3 class=\"mkdf-st-title\" >\n\t\t\t\tJard\u00edn\t\t\t<\/h3>\n\t\t\t\t\t\t\t<h6 class=\"mkdf-st-text\" style=\"color: #6f6f6f;font-size: 22px;line-height: 34px;font-weight: 400;letter-spacing: -1.2px;margin-top: 28px\">\n\t\t\t\tA trav\u00e9s de Distribuidores Ferreteros y Distribuidores Agr\u00edcolas, ofrecemos una amplia gama de fittings, v\u00e1lvulas y tubos de PVC hidr\u00e1ulico hasta los 250mm.<br \/>\nCertificado Seg\u00fan NCh 1721:2016\t\t\t<\/h6>\n\t\t\t<\/div>\n<\/div>[vc_empty_space height=&#8221;43px&#8221;]\t\t<\/div>\n\t<\/div>\n<\/div><\/div>[\/vc_column][vc_column offset=&#8221;vc_col-lg-6 vc_col-md-12&#8243;]<div class=\"mkdf-elements-holder   mkdf-one-column  mkdf-responsive-mode-768 \" ><div class=\"mkdf-eh-item    \"  data-item-class=\"mkdf-eh-custom-3727\" data-768-1024=\"0px 0% 0px 13%\">\n\t<div class=\"mkdf-eh-item-inner\">\n\t\t<div class=\"mkdf-eh-item-content mkdf-eh-custom-3727\" style=\"padding: 0px 0% 0px 0%\">\n\t\t\t<div class=\"mkdf-single-image-holder  mkdf-has-shadow mkdf-shadow-right  mkdf-image-parallax\">\n    <div class=\"mkdf-si-inner\"  \n     data-parallax='{\"y\":75, \"smoothness\":10}' >\n                                    <img width=\"554\" height=\"746\" src=\"https:\/\/rescorp.cl\/wp-content\/uploads\/2018\/04\/calidad-2.jpg\" class=\"attachment-full size-full\" alt=\"\" loading=\"lazy\" srcset=\"https:\/\/rescorp.cl\/wp-content\/uploads\/2018\/04\/calidad-2.jpg 554w, https:\/\/rescorp.cl\/wp-content\/uploads\/2018\/04\/calidad-2-223x300.jpg 223w\" sizes=\"(max-width: 554px) 100vw, 554px\" \/>\t\t\t    <img width=\"554\" height=\"746\" src=\"https:\/\/rescorp.cl\/wp-content\/uploads\/2018\/04\/calidad-2.jpg\" class=\"mkdf-single-image-shadow\" alt=\"\" loading=\"lazy\" srcset=\"https:\/\/rescorp.cl\/wp-content\/uploads\/2018\/04\/calidad-2.jpg 554w, https:\/\/rescorp.cl\/wp-content\/uploads\/2018\/04\/calidad-2-223x300.jpg 223w\" sizes=\"(max-width: 554px) 100vw, 554px\" \/>                        <\/div>\n<\/div>\t\t<\/div>\n\t<\/div>\n<\/div><\/div>[\/vc_column][\/vc_row][vc_row content_placement=&#8221;middle&#8221; row_content_width=&#8221;grid&#8221; css=&#8221;.vc_custom_1615476889213{padding-top: 121px !important;padding-bottom: 150px !important;}&#8221;][vc_column offset=&#8221;vc_col-lg-6 vc_col-md-12&#8243;]<div class=\"mkdf-elements-holder   mkdf-one-column  mkdf-responsive-mode-768 \" ><div class=\"mkdf-eh-item    \"  data-item-class=\"mkdf-eh-custom-8229\" data-768-1024=\"0px 0% 0px 14%\">\n\t<div class=\"mkdf-eh-item-inner\">\n\t\t<div class=\"mkdf-eh-item-content mkdf-eh-custom-8229\" style=\"padding: 0px 0% 0px 0%\">\n\t\t\t<div class=\"mkdf-single-image-holder  mkdf-has-shadow mkdf-shadow-left  mkdf-image-parallax\">\n    <div class=\"mkdf-si-inner\"  \n     data-parallax='{\"y\":75, \"smoothness\":10}' >\n                                    <img width=\"554\" height=\"746\" src=\"https:\/\/rescorp.cl\/wp-content\/uploads\/2021\/03\/mineria.jpg\" class=\"attachment-full size-full\" alt=\"\" loading=\"lazy\" srcset=\"https:\/\/rescorp.cl\/wp-content\/uploads\/2021\/03\/mineria.jpg 554w, https:\/\/rescorp.cl\/wp-content\/uploads\/2021\/03\/mineria-223x300.jpg 223w\" sizes=\"(max-width: 554px) 100vw, 554px\" \/>\t\t\t    <img width=\"554\" height=\"746\" src=\"https:\/\/rescorp.cl\/wp-content\/uploads\/2021\/03\/mineria.jpg\" class=\"mkdf-single-image-shadow\" alt=\"\" loading=\"lazy\" srcset=\"https:\/\/rescorp.cl\/wp-content\/uploads\/2021\/03\/mineria.jpg 554w, https:\/\/rescorp.cl\/wp-content\/uploads\/2021\/03\/mineria-223x300.jpg 223w\" sizes=\"(max-width: 554px) 100vw, 554px\" \/>                        <\/div>\n<\/div>\t\t<\/div>\n\t<\/div>\n<\/div><\/div>[\/vc_column][vc_column offset=&#8221;vc_col-lg-6 vc_col-md-12&#8243;]<div class=\"mkdf-elements-holder   mkdf-one-column  mkdf-responsive-mode-768 \" ><div class=\"mkdf-eh-item    \"  data-item-class=\"mkdf-eh-custom-5831\" data-768-1024=\"100px 9% 0px 13%\" data-680-768=\"100px 3% 0px 0%\" data-680=\"100px 0% 0px 0%\">\n\t<div class=\"mkdf-eh-item-inner\">\n\t\t<div class=\"mkdf-eh-item-content mkdf-eh-custom-5831\" style=\"padding: 0px 3% 30px 0%\">\n\t\t\t<div class=\"mkdf-section-title-holder  mkdf-st-standard mkdf-st-title-left mkdf-st-normal-space \" >\n\t<div class=\"mkdf-st-inner\">\n\t\t\t\t\t<h3 class=\"mkdf-st-title\" >\n\t\t\t\tIndustrial Miner\u00eda e Industria de Alimentaria\t\t\t<\/h3>\n\t\t\t\t\t\t\t<h6 class=\"mkdf-st-text\" style=\"color: #6f6f6f;font-size: 22px;line-height: 34px;font-weight: 400;letter-spacing: -1.2px;margin-top: 28px\">\n\t\t\t\tLos fittings de HDPE en Electro fusi\u00f3n como de Compresi\u00f3n, son una soluci\u00f3n de calidad certificada, f\u00e1cil instalaci\u00f3n y de larga duraci\u00f3n para proyectos que demandan instalaciones con m\u00ednimas mantenciones.<br \/>\nCertificados Seg\u00fan NCh 398\/2:2005; NCh 398\/3:2005\t\t\t<\/h6>\n\t\t\t<\/div>\n<\/div>\t\t<\/div>\n\t<\/div>\n<\/div><\/div>[\/vc_column][\/vc_row][vc_row disable_element=&#8221;yes&#8221; row_content_width=&#8221;grid&#8221; css=&#8221;.vc_custom_1615491029581{padding-bottom: 150px !important;}&#8221;][vc_column][vc_column_text]<\/p>\n<p style=\"font-size: 22px;\"><em>PP RCT; Asimismo proveemos sistemas de conducci\u00f3n de agua fr\u00eda y caliente con presi\u00f3n mediante tuber\u00edas de PP RCT de termofusi\u00f3n. Este sistema permite ejecutar conducciones en matrices como en sistemas intradomiciliarios.<\/em><\/p>\n<h5>Certificado Seg\u00fan Norma NCh 3151\/2:2015; ISO15874\/5; NCh731 Of2012; NCh 3151\/1:2008<\/h5>\n<p style=\"font-size: 22px;\"><em>Canaletas de Aguas Lluvia (Blanco y Marr\u00f3n); RESCO ha incorporado en el \u00faltimo a\u00f1o, una l\u00ednea para la conducci\u00f3n y evacuaci\u00f3n de aguas lluvias para techumbres de viviendas familiares, resistente a los rayos UV.<br \/>\nEste sistema se compone, de canaletas de 4m de largo, tubos de bajada, y todos los accesorios para una correcta ejecuci\u00f3n.<br \/>\n<\/em><\/p>\n<p>[\/vc_column_text][\/vc_column][\/vc_row][vc_row css=&#8221;.vc_custom_1526034039331{padding-top: 52px !important;}&#8221; el_class=&#8221;row-custom-margin&#8221;][vc_column]<div class=\"mkdf-portfolio-list-holder mkdf-pl-masonry mkdf-no-space mkdf-pl-four-columns mkdf-pl-gallery-overlay-top mkdf-masonry-images-fixed   mkdf-pl-pag-no-pagination     \"  data-type=masonry data-item-type=gallery data-number-of-columns=4 data-space-between-items=no data-number-of-items=-1 data-image-proportions=full data-enable-fixed-proportions=yes data-enable-image-shadow=no data-category=quality data-orderby=date data-order=ASC data-item-style=gallery-overlay-top data-item-skin=light data-enable-title=yes data-title-tag=h4 data-enable-category=yes data-enable-count-images=yes data-enable-excerpt=no data-excerpt-length=20 data-pagination-type=no-pagination data-filter=no data-filter-order-by=name data-enable-article-animation=no data-portfolio-slider-on=no data-enable-loop=yes data-enable-autoplay=yes data-slider-speed=5000 data-slider-speed-animation=600 data-enable-navigation=yes data-enable-pagination=yes data-max-num-pages=0 data-next-page=2>\n\t\t<div class=\"mkdf-pl-inner mkdf-outer-space clearfix\">\n\t\t<div class=\"mkdf-pl-grid-sizer\"><\/div>\n\t\t<div class=\"mkdf-pl-grid-gutter\"><\/div>\n\t\t<article class=\"mkdf-pl-item mkdf-item-space  post-1518 portfolio-item type-portfolio-item status-publish has-post-thumbnail hentry portfolio-category-quality portfolio-tag-design\">\n\t<div class=\"mkdf-pl-item-inner\">\n\t\t<div class=\"mkdf-pli-image\">\n\t<img width=\"554\" height=\"746\" src=\"https:\/\/rescorp.cl\/wp-content\/uploads\/2018\/04\/calidad-3.jpg\" class=\"attachment-full size-full wp-post-image\" alt=\"\" loading=\"lazy\" srcset=\"https:\/\/rescorp.cl\/wp-content\/uploads\/2018\/04\/calidad-3.jpg 554w, https:\/\/rescorp.cl\/wp-content\/uploads\/2018\/04\/calidad-3-223x300.jpg 223w\" sizes=\"(max-width: 554px) 100vw, 554px\" \/><\/div>\n<div class=\"mkdf-pli-text-holder\">\n\t<div class=\"mkdf-pli-text-wrapper\">\n\t\t<div class=\"mkdf-pli-text\">\n\t\t\t\t<h4 itemprop=\"name\" class=\"mkdf-pli-title entry-title\" >\n\t\tConstrucci\u00f3n Habitacional\t<\/h4>\n\n\t\t\t\t\t<div class=\"mkdf-pli-category-holder\">\n\t\t\t\t\t\t\t<a itemprop=\"url\" class=\"mkdf-pli-category\" href=\"https:\/\/rescorp.cl\/index.php\/portfolio-category\/quality\/\">Calidad Resco<\/a>\n\t\t\t\t\t<\/div>\n\t\n\t\t\t\t\t\t\n\t\t\t\n            <span class=\"mkdf-pli-plus icon_plus\"><\/span>\n\t\t<\/div>\n\t<\/div>\n<\/div>\t\t\n\t\t\t<\/div>\n<\/article><article class=\"mkdf-pl-item mkdf-item-space  post-1522 portfolio-item type-portfolio-item status-publish has-post-thumbnail hentry portfolio-category-quality portfolio-tag-design\">\n\t<div class=\"mkdf-pl-item-inner\">\n\t\t<div class=\"mkdf-pli-image\">\n\t<img width=\"554\" height=\"746\" src=\"https:\/\/rescorp.cl\/wp-content\/uploads\/2018\/04\/empresa-1.jpg\" class=\"attachment-full size-full wp-post-image\" alt=\"\" loading=\"lazy\" srcset=\"https:\/\/rescorp.cl\/wp-content\/uploads\/2018\/04\/empresa-1.jpg 554w, https:\/\/rescorp.cl\/wp-content\/uploads\/2018\/04\/empresa-1-223x300.jpg 223w\" sizes=\"(max-width: 554px) 100vw, 554px\" \/><\/div>\n<div class=\"mkdf-pli-text-holder\">\n\t<div class=\"mkdf-pli-text-wrapper\">\n\t\t<div class=\"mkdf-pli-text\">\n\t\t\t\t<h4 itemprop=\"name\" class=\"mkdf-pli-title entry-title\" >\n\t\tEdificaci\u00f3n\t<\/h4>\n\n\t\t\t\t\t<div class=\"mkdf-pli-category-holder\">\n\t\t\t\t\t\t\t<a itemprop=\"url\" class=\"mkdf-pli-category\" href=\"https:\/\/rescorp.cl\/index.php\/portfolio-category\/quality\/\">Calidad Resco<\/a>\n\t\t\t\t\t<\/div>\n\t\n\t\t\t\t\t\t\n\t\t\t\n            <span class=\"mkdf-pli-plus icon_plus\"><\/span>\n\t\t<\/div>\n\t<\/div>\n<\/div>\t\t\n\t\t\t<\/div>\n<\/article><article class=\"mkdf-pl-item mkdf-item-space  post-1523 portfolio-item type-portfolio-item status-publish has-post-thumbnail hentry portfolio-category-quality portfolio-tag-design\">\n\t<div class=\"mkdf-pl-item-inner\">\n\t\t<div class=\"mkdf-pli-image\">\n\t<img width=\"554\" height=\"746\" src=\"https:\/\/rescorp.cl\/wp-content\/uploads\/2018\/04\/calidad-2.jpg\" class=\"attachment-full size-full wp-post-image\" alt=\"\" loading=\"lazy\" srcset=\"https:\/\/rescorp.cl\/wp-content\/uploads\/2018\/04\/calidad-2.jpg 554w, https:\/\/rescorp.cl\/wp-content\/uploads\/2018\/04\/calidad-2-223x300.jpg 223w\" sizes=\"(max-width: 554px) 100vw, 554px\" \/><\/div>\n<div class=\"mkdf-pli-text-holder\">\n\t<div class=\"mkdf-pli-text-wrapper\">\n\t\t<div class=\"mkdf-pli-text\">\n\t\t\t\t<h4 itemprop=\"name\" class=\"mkdf-pli-title entry-title\" >\n\t\tRiego\t<\/h4>\n\n\t\t\t\t\t<div class=\"mkdf-pli-category-holder\">\n\t\t\t\t\t\t\t<a itemprop=\"url\" class=\"mkdf-pli-category\" href=\"https:\/\/rescorp.cl\/index.php\/portfolio-category\/quality\/\">Calidad Resco<\/a>\n\t\t\t\t\t<\/div>\n\t\n\t\t\t\t\t\t\n\t\t\t\n            <span class=\"mkdf-pli-plus icon_plus\"><\/span>\n\t\t<\/div>\n\t<\/div>\n<\/div>\t\t\n\t\t\t<\/div>\n<\/article><article class=\"mkdf-pl-item mkdf-item-space  post-1526 portfolio-item type-portfolio-item status-publish has-post-thumbnail hentry portfolio-category-quality portfolio-tag-design\">\n\t<div class=\"mkdf-pl-item-inner\">\n\t\t<div class=\"mkdf-pli-image\">\n\t<img width=\"554\" height=\"746\" src=\"https:\/\/rescorp.cl\/wp-content\/uploads\/2018\/04\/calidad-1.jpg\" class=\"attachment-full size-full wp-post-image\" alt=\"\" loading=\"lazy\" srcset=\"https:\/\/rescorp.cl\/wp-content\/uploads\/2018\/04\/calidad-1.jpg 554w, https:\/\/rescorp.cl\/wp-content\/uploads\/2018\/04\/calidad-1-223x300.jpg 223w\" sizes=\"(max-width: 554px) 100vw, 554px\" \/><\/div>\n<div class=\"mkdf-pli-text-holder\">\n\t<div class=\"mkdf-pli-text-wrapper\">\n\t\t<div class=\"mkdf-pli-text\">\n\t\t\t\t<h4 itemprop=\"name\" class=\"mkdf-pli-title entry-title\" >\n\t\tInfraestructura\t<\/h4>\n\n\t\t\t\t\t<div class=\"mkdf-pli-category-holder\">\n\t\t\t\t\t\t\t<a itemprop=\"url\" class=\"mkdf-pli-category\" href=\"https:\/\/rescorp.cl\/index.php\/portfolio-category\/quality\/\">Calidad Resco<\/a>\n\t\t\t\t\t<\/div>\n\t\n\t\t\t\t\t\t\n\t\t\t\n            <span class=\"mkdf-pli-plus icon_plus\"><\/span>\n\t\t<\/div>\n\t<\/div>\n<\/div>\t\t\n\t\t\t<\/div>\n<\/article>\t<\/div>\n\t\n\t<\/div>[\/vc_column][\/vc_row][vc_row simple_background_color=&#8221;#f8f8f8&#8243; css=&#8221;.vc_custom_1523968375909{padding-top: 85px !important;padding-bottom: 85px !important;}&#8221;][vc_column]<div class=\"mkdf-call-to-action-holder  mkdf-normal-layout mkdf-content-in-grid mkdf-three-quarters-columns\">\n\t<div class=\"mkdf-cta-inner mkdf-grid\">\n\t\t<div class=\"mkdf-cta-text-holder\">\n\t\t\t<div class=\"mkdf-cta-text\">\n<h4>Concreta tu proyecto con los mejores en Chile<\/h4>\n<\/div>\n\t\t<\/div>\n\t\t<div class=\"mkdf-cta-button-holder\" >\n\t\t\t<div class=\"mkdf-cta-button\"><a itemprop=\"url\" href=\"http:\/\/rescorp.cl\/index.php\/contacto\/\" target=\"_self\"  class=\"mkdf-btn mkdf-btn-medium mkdf-btn-outline mkdf-btn-custom-hover-bg mkdf-btn-custom-hover-color mkdf-btn-icon\" data-hover-color=\"#ffffff\" data-hover-bg-color=\"#dd3333\" >    <span class=\"mkdf-btn-text\">Cont\u00e1ctanos<\/span>    <i class=\"mkdf-icon-font-awesome fa fa-arrow-right \" ><\/i><\/a><\/div>\n\t\t<\/div>\n\t<\/div>\n<\/div>[\/vc_column][\/vc_row]<\/p>\n","protected":false},"excerpt":{"rendered":"<p>[vc_row][vc_column][\/vc_column][\/vc_row][vc_row content_placement=&#8221;middle&#8221; row_content_width=&#8221;grid&#8221; css=&#8221;.vc_custom_1615476889213{padding-top: 121px !important;padding-bottom: 150px !important;}&#8221;][vc_column offset=&#8221;vc_col-lg-6 vc_col-md-12&#8243;][\/vc_column][vc_column offset=&#8221;vc_col-lg-6 vc_col-md-12&#8243;][\/vc_column][\/vc_row][vc_row content_placement=&#8221;middle&#8221; row_content_width=&#8221;grid&#8221; css=&#8221;.vc_custom_1524046755015{padding-bottom: 133px !important;}&#8221;][vc_column offset=&#8221;vc_col-lg-6 vc_col-md-12&#8243;][\/vc_column][vc_column offset=&#8221;vc_col-lg-6 vc_col-md-12&#8243;][\/vc_column][\/vc_row][vc_row content_placement=&#8221;middle&#8221; row_content_width=&#8221;grid&#8221; css=&#8221;.vc_custom_1615476889213{padding-top: 121px !important;padding-bottom: 150px !important;}&#8221;][vc_column offset=&#8221;vc_col-lg-6 vc_col-md-12&#8243;][\/vc_column][vc_column offset=&#8221;vc_col-lg-6 vc_col-md-12&#8243;][\/vc_column][\/vc_row][vc_row disable_element=&#8221;yes&#8221; row_content_width=&#8221;grid&#8221; css=&#8221;.vc_custom_1615491029581{padding-bottom: 150px !important;}&#8221;][vc_column][vc_column_text] PP RCT; Asimismo [&hellip;]<\/p>\n","protected":false},"author":1,"featured_media":0,"parent":0,"menu_order":0,"comment_status":"closed","ping_status":"closed","template":"full-width.php","meta":[],"_links":{"self":[{"href":"https:\/\/rescorp.cl\/index.php\/wp-json\/wp\/v2\/pages\/3475"}],"collection":[{"href":"https:\/\/rescorp.cl\/index.php\/wp-json\/wp\/v2\/pages"}],"about":[{"href":"https:\/\/rescorp.cl\/index.php\/wp-json\/wp\/v2\/types\/page"}],"author":[{"embeddable":true,"href":"https:\/\/rescorp.cl\/index.php\/wp-json\/wp\/v2\/users\/1"}],"replies":[{"embeddable":true,"href":"https:\/\/rescorp.cl\/index.php\/wp-json\/wp\/v2\/comments?post=3475"}],"version-history":[{"count":11,"href":"https:\/\/rescorp.cl\/index.php\/wp-json\/wp\/v2\/pages\/3475\/revisions"}],"predecessor-version":[{"id":3561,"href":"https:\/\/rescorp.cl\/index.php\/wp-json\/wp\/v2\/pages\/3475\/revisions\/3561"}],"wp:attachment":[{"href":"https:\/\/rescorp.cl\/index.php\/wp-json\/wp\/v2\/media?parent=3475"}],"curies":[{"name":"wp","href":"https:\/\/api.w.org\/{rel}","templated":true}]}}